{"id":929,"date":"2023-09-11T11:50:07","date_gmt":"2023-09-11T11:50:07","guid":{"rendered":"http:\/\/www.tdpodbrdo.si\/?page_id=929"},"modified":"2025-08-31T10:51:23","modified_gmt":"2025-08-31T10:51:23","slug":"kam-v-podbrdu","status":"publish","type":"page","link":"http:\/\/www.tdpodbrdo.si\/?page_id=929","title":{"rendered":"kam v podbrdu"},"content":{"rendered":"\t\t<div data-elementor-type=\"wp-page\" data-elementor-id=\"929\" class=\"elementor elementor-929\">\n\t\t\t\t\t\t<section class=\"elementor-section elementor-top-section elementor-element elementor-element-b654930 elementor-section-boxed elementor-section-height-default elementor-section-height-default\" data-id=\"b654930\" data-element_type=\"section\" data-e-type=\"section\" data-settings=\"{&quot;background_background&quot;:&quot;classic&quot;}\">\n\t\t\t\t\t\t\t<div class=\"elementor-background-overlay\"><\/div>\n\t\t\t\t\t\t\t<div class=\"elementor-container elementor-column-gap-default\">\n\t\t\t\t\t<div class=\"elementor-column elementor-col-100 elementor-top-column elementor-element elementor-element-409c662\" data-id=\"409c662\" data-element_type=\"column\" data-e-type=\"column\">\n\t\t\t<div class=\"elementor-widget-wrap elementor-element-populated\">\n\t\t\t\t\t\t<div class=\"elementor-element elementor-element-71bef1d elementor-widget elementor-widget-heading\" data-id=\"71bef1d\" data-element_type=\"widget\" data-e-type=\"widget\" data-widget_type=\"heading.default\">\n\t\t\t\t<div class=\"elementor-widget-container\">\n\t\t\t\t\t<h2 class=\"elementor-heading-title elementor-size-default\">Kam v Podbrdu<\/h2>\t\t\t\t<\/div>\n\t\t\t\t<\/div>\n\t\t\t\t\t<\/div>\n\t\t<\/div>\n\t\t\t\t\t<\/div>\n\t\t<\/section>\n\t\t\t\t<section class=\"elementor-section elementor-top-section elementor-element elementor-element-8cff052 elementor-section-boxed elementor-section-height-default elementor-section-height-default\" data-id=\"8cff052\" data-element_type=\"section\" data-e-type=\"section\">\n\t\t\t\t\t\t<div class=\"elementor-container elementor-column-gap-default\">\n\t\t\t\t\t<div class=\"elementor-column elementor-col-66 elementor-top-column elementor-element elementor-element-326cc13\" data-id=\"326cc13\" data-element_type=\"column\" data-e-type=\"column\">\n\t\t\t<div class=\"elementor-widget-wrap elementor-element-populated\">\n\t\t\t\t\t\t<div class=\"elementor-element elementor-element-f026e66 elementor-widget__width-initial elementor-widget elementor-widget-spacer\" data-id=\"f026e66\" data-element_type=\"widget\" data-e-type=\"widget\" data-widget_type=\"spacer.default\">\n\t\t\t\t<div class=\"elementor-widget-container\">\n\t\t\t\t\t\t\t<div class=\"elementor-spacer\">\n\t\t\t<div class=\"elementor-spacer-inner\"><\/div>\n\t\t<\/div>\n\t\t\t\t\t\t<\/div>\n\t\t\t\t<\/div>\n\t\t\t\t<div class=\"elementor-element elementor-element-a2aed52 elementor-widget elementor-widget-heading\" data-id=\"a2aed52\" data-element_type=\"widget\" data-e-type=\"widget\" data-widget_type=\"heading.default\">\n\t\t\t\t<div class=\"elementor-widget-container\">\n\t\t\t\t\t<h2 class=\"elementor-heading-title elementor-size-default\">Turisti\u010dne atrakcije<\/h2>\t\t\t\t<\/div>\n\t\t\t\t<\/div>\n\t\t\t\t<div class=\"elementor-element elementor-element-a1020a1 elementor-widget__width-initial elementor-widget elementor-widget-text-editor\" data-id=\"a1020a1\" data-element_type=\"widget\" data-e-type=\"widget\" data-widget_type=\"text-editor.default\">\n\t\t\t\t<div class=\"elementor-widget-container\">\n\t\t\t\t\t\t\t\t\t<p>Okoli Podbrda je veliko zanimivih turisti\u010dnih in zgodovinsko zanimivih lokacij. Ena najbolj poznanih je <strong><a href=\"https:\/\/www.tdpodbrdo.si\/?page_id=931\">Rapalska meja<\/a><\/strong>, meja, ki spominja na dogovore iz preteklosti in je danes zanimiva to\u010dka za pohodnike, ki \u017eelijo raziskovati zgodovino tega obmo\u010dja. Za ljubitelje narave so odli\u010dne <strong>Julijske Alpe<\/strong> in okoli\u0161ke gozdne poti, kjer se lahko sprehodite ali kolesarite. <strong><a href=\"https:\/\/www.tdpodbrdo.si\/?page_id=933\">Jakovnkova hi\u0161a<\/a><\/strong> je priljubljena planinska to\u010dka, kjer se obiskovalci lahko okrep\u010dajo in u\u017eivajo v razgledih na okoli\u0161ke doline. Za adrenalinske navdu\u0161ence je zanimiv <b><a href=\"https:\/\/www.tdpodbrdo.si\/?page_id=925\">Kup<\/a><\/b>, priljubljena lokacija za kraj\u0161e pohode s \u010dudovitimi razgledi in majhnimi plezalnimi izzivi. V bli\u017eini je tudi <strong>\u0160kofja Loka<\/strong>, srednjeve\u0161ko mesto z bogato zgodovino in kulturnimi dogodki. Podbrdo tako ponuja kombinacijo narave, zgodovine in \u0161portnih do\u017eivetij, ki privabljajo obiskovalce vseh starosti.<\/p>\t\t\t\t\t\t\t\t<\/div>\n\t\t\t\t<\/div>\n\t\t\t\t\t<\/div>\n\t\t<\/div>\n\t\t\t\t<div class=\"elementor-column elementor-col-33 elementor-top-column elementor-element elementor-element-44b69d3\" data-id=\"44b69d3\" data-element_type=\"column\" data-e-type=\"column\" data-settings=\"{&quot;background_background&quot;:&quot;classic&quot;}\">\n\t\t\t<div class=\"elementor-widget-wrap elementor-element-populated\">\n\t\t\t\t\t\t<div class=\"elementor-element elementor-element-6514820 elementor-widget elementor-widget-spacer\" data-id=\"6514820\" data-element_type=\"widget\" data-e-type=\"widget\" data-widget_type=\"spacer.default\">\n\t\t\t\t<div class=\"elementor-widget-container\">\n\t\t\t\t\t\t\t<div class=\"elementor-spacer\">\n\t\t\t<div class=\"elementor-spacer-inner\"><\/div>\n\t\t<\/div>\n\t\t\t\t\t\t<\/div>\n\t\t\t\t<\/div>\n\t\t\t\t<div class=\"elementor-element elementor-element-1cb5bdd elementor-widget__width-initial elementor-widget elementor-widget-image\" data-id=\"1cb5bdd\" data-element_type=\"widget\" data-e-type=\"widget\" data-widget_type=\"image.default\">\n\t\t\t\t<div class=\"elementor-widget-container\">\n\t\t\t\t\t\t\t\t\t\t\t\t\t\t\t<img fetchpriority=\"high\" decoding=\"async\" width=\"1024\" height=\"768\" src=\"http:\/\/www.tdpodbrdo.si\/wp-content\/uploads\/2025\/08\/52571843504_d857b0f0fa_o-1024x768.jpg\" class=\"attachment-large size-large wp-image-1112\" alt=\"\" srcset=\"http:\/\/www.tdpodbrdo.si\/wp-content\/uploads\/2025\/08\/52571843504_d857b0f0fa_o-1024x768.jpg 1024w, http:\/\/www.tdpodbrdo.si\/wp-content\/uploads\/2025\/08\/52571843504_d857b0f0fa_o-300x225.jpg 300w, http:\/\/www.tdpodbrdo.si\/wp-content\/uploads\/2025\/08\/52571843504_d857b0f0fa_o-768x576.jpg 768w, http:\/\/www.tdpodbrdo.si\/wp-content\/uploads\/2025\/08\/52571843504_d857b0f0fa_o-1536x1152.jpg 1536w, http:\/\/www.tdpodbrdo.si\/wp-content\/uploads\/2025\/08\/52571843504_d857b0f0fa_o-2048x1536.jpg 2048w\" sizes=\"(max-width: 1024px) 100vw, 1024px\" \/>\t\t\t\t\t\t\t\t\t\t\t\t\t\t\t<\/div>\n\t\t\t\t<\/div>\n\t\t\t\t\t<\/div>\n\t\t<\/div>\n\t\t\t\t\t<\/div>\n\t\t<\/section>\n\t\t\t\t<section class=\"elementor-section elementor-top-section elementor-element elementor-element-67da632 elementor-section-boxed elementor-section-height-default elementor-section-height-default\" data-id=\"67da632\" data-element_type=\"section\" data-e-type=\"section\">\n\t\t\t\t\t\t<div class=\"elementor-container elementor-column-gap-default\">\n\t\t\t\t\t<div class=\"elementor-column elementor-col-100 elementor-top-column elementor-element elementor-element-3121c91\" data-id=\"3121c91\" data-element_type=\"column\" data-e-type=\"column\">\n\t\t\t<div class=\"elementor-widget-wrap elementor-element-populated\">\n\t\t\t\t\t\t<div class=\"elementor-element elementor-element-1d1ae2d elementor-widget elementor-widget-spacer\" data-id=\"1d1ae2d\" data-element_type=\"widget\" data-e-type=\"widget\" data-widget_type=\"spacer.default\">\n\t\t\t\t<div class=\"elementor-widget-container\">\n\t\t\t\t\t\t\t<div class=\"elementor-spacer\">\n\t\t\t<div class=\"elementor-spacer-inner\"><\/div>\n\t\t<\/div>\n\t\t\t\t\t\t<\/div>\n\t\t\t\t<\/div>\n\t\t\t\t\t<\/div>\n\t\t<\/div>\n\t\t\t\t\t<\/div>\n\t\t<\/section>\n\t\t\t\t<\/div>\n\t\t","protected":false},"excerpt":{"rendered":"<p>Kam v Podbrdu Turisti\u010dne atrakcije Okoli Podbrda je veliko zanimivih turisti\u010dnih in zgodovinsko zanimivih lokacij. Ena najbolj poznanih je Rapalska meja, meja, ki spominja na dogovore iz preteklosti in je danes zanimiva to\u010dka za pohodnike, ki \u017eelijo raziskovati zgodovino tega obmo\u010dja. Za ljubitelje narave so odli\u010dne Julijske Alpe in okoli\u0161ke gozdne poti, kjer se lahko [&hellip;]<\/p>\n","protected":false},"author":1,"featured_media":0,"parent":977,"menu_order":0,"comment_status":"closed","ping_status":"closed","template":"","meta":{"site-sidebar-layout":"no-sidebar","site-content-layout":"page-builder","ast-site-content-layout":"full-width-container","site-content-style":"unboxed","site-sidebar-style":"unboxed","ast-global-header-display":"","ast-banner-title-visibility":"","ast-main-header-display":"","ast-hfb-above-header-display":"","ast-hfb-below-header-display":"","ast-hfb-mobile-header-display":"","site-post-title":"disabled","ast-breadcrumbs-content":"","ast-featured-img":"disabled","footer-sml-layout":"","ast-disable-related-posts":"","theme-transparent-header-meta":"","adv-header-id-meta":"","stick-header-meta":"","header-above-stick-meta":"","header-main-stick-meta":"","header-below-stick-meta":"","astra-migrate-meta-layouts":"set","ast-page-background-enabled":"default","ast-page-background-meta":{"desktop":{"background-color":"","background-image":"","background-repeat":"repeat","background-position":"center center","background-size":"auto","background-attachment":"scroll","background-type":"","background-media":"","overlay-type":"","overlay-color":"","overlay-opacity":"","overlay-gradient":""},"tablet":{"background-color":"","background-image":"","background-repeat":"repeat","background-position":"center center","background-size":"auto","background-attachment":"scroll","background-type":"","background-media":"","overlay-type":"","overlay-color":"","overlay-opacity":"","overlay-gradient":""},"mobile":{"background-color":"","background-image":"","background-repeat":"repeat","background-position":"center center","background-size":"auto","background-attachment":"scroll","background-type":"","background-media":"","overlay-type":"","overlay-color":"","overlay-opacity":"","overlay-gradient":""}},"ast-content-background-meta":{"desktop":{"background-color":"var(--ast-global-color-5)","background-image":"","background-repeat":"repeat","background-position":"center center","background-size":"auto","background-attachment":"scroll","background-type":"","background-media":"","overlay-type":"","overlay-color":"","overlay-opacity":"","overlay-gradient":""},"tablet":{"background-color":"var(--ast-global-color-5)","background-image":"","background-repeat":"repeat","background-position":"center center","background-size":"auto","background-attachment":"scroll","background-type":"","background-media":"","overlay-type":"","overlay-color":"","overlay-opacity":"","overlay-gradient":""},"mobile":{"background-color":"var(--ast-global-color-5)","background-image":"","background-repeat":"repeat","background-position":"center center","background-size":"auto","background-attachment":"scroll","background-type":"","background-media":"","overlay-type":"","overlay-color":"","overlay-opacity":"","overlay-gradient":""}},"footnotes":""},"class_list":["post-929","page","type-page","status-publish","hentry"],"_links":{"self":[{"href":"http:\/\/www.tdpodbrdo.si\/index.php?rest_route=\/wp\/v2\/pages\/929","targetHints":{"allow":["GET"]}}],"collection":[{"href":"http:\/\/www.tdpodbrdo.si\/index.php?rest_route=\/wp\/v2\/pages"}],"about":[{"href":"http:\/\/www.tdpodbrdo.si\/index.php?rest_route=\/wp\/v2\/types\/page"}],"author":[{"embeddable":true,"href":"http:\/\/www.tdpodbrdo.si\/index.php?rest_route=\/wp\/v2\/users\/1"}],"replies":[{"embeddable":true,"href":"http:\/\/www.tdpodbrdo.si\/index.php?rest_route=%2Fwp%2Fv2%2Fcomments&post=929"}],"version-history":[{"count":14,"href":"http:\/\/www.tdpodbrdo.si\/index.php?rest_route=\/wp\/v2\/pages\/929\/revisions"}],"predecessor-version":[{"id":1213,"href":"http:\/\/www.tdpodbrdo.si\/index.php?rest_route=\/wp\/v2\/pages\/929\/revisions\/1213"}],"up":[{"embeddable":true,"href":"http:\/\/www.tdpodbrdo.si\/index.php?rest_route=\/wp\/v2\/pages\/977"}],"wp:attachment":[{"href":"http:\/\/www.tdpodbrdo.si\/index.php?rest_route=%2Fwp%2Fv2%2Fmedia&parent=929"}],"curies":[{"name":"wp","href":"https:\/\/api.w.org\/{rel}","templated":true}]}}