{"id":931,"date":"2023-09-11T11:50:35","date_gmt":"2023-09-11T11:50:35","guid":{"rendered":"http:\/\/www.tdpodbrdo.si\/?page_id=931"},"modified":"2025-08-31T11:10:56","modified_gmt":"2025-08-31T11:10:56","slug":"vodenje-po-rapalski-meji","status":"publish","type":"page","link":"https:\/\/www.tdpodbrdo.si\/?page_id=931","title":{"rendered":"vodenje po rapalski meji"},"content":{"rendered":"\t\t<div data-elementor-type=\"wp-page\" data-elementor-id=\"931\" class=\"elementor elementor-931\">\n\t\t\t\t\t\t<section class=\"elementor-section elementor-top-section elementor-element elementor-element-b55d371 elementor-section-boxed elementor-section-height-default elementor-section-height-default\" data-id=\"b55d371\" data-element_type=\"section\" data-e-type=\"section\" data-settings=\"{&quot;background_background&quot;:&quot;classic&quot;}\">\n\t\t\t\t\t\t<div class=\"elementor-container elementor-column-gap-default\">\n\t\t\t\t\t<div class=\"elementor-column elementor-col-100 elementor-top-column elementor-element elementor-element-ced2929\" data-id=\"ced2929\" data-element_type=\"column\" data-e-type=\"column\">\n\t\t\t<div class=\"elementor-widget-wrap elementor-element-populated\">\n\t\t\t\t\t\t<div class=\"elementor-element elementor-element-b427cb5 elementor-widget elementor-widget-spacer\" data-id=\"b427cb5\" data-element_type=\"widget\" data-e-type=\"widget\" data-widget_type=\"spacer.default\">\n\t\t\t\t<div class=\"elementor-widget-container\">\n\t\t\t\t\t\t\t<div class=\"elementor-spacer\">\n\t\t\t<div class=\"elementor-spacer-inner\"><\/div>\n\t\t<\/div>\n\t\t\t\t\t\t<\/div>\n\t\t\t\t<\/div>\n\t\t\t\t<div class=\"elementor-element elementor-element-7f01de6 elementor-widget elementor-widget-heading\" data-id=\"7f01de6\" data-element_type=\"widget\" data-e-type=\"widget\" data-widget_type=\"heading.default\">\n\t\t\t\t<div class=\"elementor-widget-container\">\n\t\t\t\t\t<h2 class=\"elementor-heading-title elementor-size-default\">Rapalska meja<\/h2>\t\t\t\t<\/div>\n\t\t\t\t<\/div>\n\t\t\t\t\t<\/div>\n\t\t<\/div>\n\t\t\t\t\t<\/div>\n\t\t<\/section>\n\t\t\t\t<section class=\"elementor-section elementor-top-section elementor-element elementor-element-cb35339 elementor-section-boxed elementor-section-height-default elementor-section-height-default\" data-id=\"cb35339\" data-element_type=\"section\" data-e-type=\"section\">\n\t\t\t\t\t\t<div class=\"elementor-container elementor-column-gap-default\">\n\t\t\t\t\t<div class=\"elementor-column elementor-col-100 elementor-top-column elementor-element elementor-element-cefc56e\" data-id=\"cefc56e\" data-element_type=\"column\" data-e-type=\"column\">\n\t\t\t<div class=\"elementor-widget-wrap elementor-element-populated\">\n\t\t\t\t\t\t<div class=\"elementor-element elementor-element-f683c96 elementor-widget elementor-widget-spacer\" data-id=\"f683c96\" data-element_type=\"widget\" data-e-type=\"widget\" data-widget_type=\"spacer.default\">\n\t\t\t\t<div class=\"elementor-widget-container\">\n\t\t\t\t\t\t\t<div class=\"elementor-spacer\">\n\t\t\t<div class=\"elementor-spacer-inner\"><\/div>\n\t\t<\/div>\n\t\t\t\t\t\t<\/div>\n\t\t\t\t<\/div>\n\t\t\t\t<div class=\"elementor-element elementor-element-ceffc0e elementor-widget elementor-widget-text-editor\" data-id=\"ceffc0e\" data-element_type=\"widget\" data-e-type=\"widget\" data-widget_type=\"text-editor.default\">\n\t\t\t\t<div class=\"elementor-widget-container\">\n\t\t\t\t\t\t\t\t\t<p>Rapalska meja je nekdanja meja med Italijo in Jugoslavijo. Nastala je kot odgovor na napetosti med dr\u017eavama po 1. svetovni vojni, ko je Avstro-Ogrska razpadla, Italija pa je zahtevala ozemlja iz Londonskega sporazuma. Zaradi teh napetosti so za\u010deli graditi voja\u0161ka zakloni\u0161\u010da, ki pa danes slu\u017eijo kot turisti\u010dna atrakcija. Tukaj lahko do\u017eivite voden ogled po \u010dudoviti nekdanji meji ter celo razi\u0161\u010dete notranjost nekaterih zakloni\u0161\u010d.<\/p>\t\t\t\t\t\t\t\t<\/div>\n\t\t\t\t<\/div>\n\t\t\t\t<div class=\"elementor-element elementor-element-6bc60ef elementor-widget elementor-widget-spacer\" data-id=\"6bc60ef\" data-element_type=\"widget\" data-e-type=\"widget\" data-widget_type=\"spacer.default\">\n\t\t\t\t<div class=\"elementor-widget-container\">\n\t\t\t\t\t\t\t<div class=\"elementor-spacer\">\n\t\t\t<div class=\"elementor-spacer-inner\"><\/div>\n\t\t<\/div>\n\t\t\t\t\t\t<\/div>\n\t\t\t\t<\/div>\n\t\t\t\t\t<\/div>\n\t\t<\/div>\n\t\t\t\t\t<\/div>\n\t\t<\/section>\n\t\t\t\t<section class=\"elementor-section elementor-top-section elementor-element elementor-element-80b1c2c elementor-section-boxed elementor-section-height-default elementor-section-height-default\" data-id=\"80b1c2c\" data-element_type=\"section\" data-e-type=\"section\">\n\t\t\t\t\t\t<div class=\"elementor-container elementor-column-gap-default\">\n\t\t\t\t\t<div class=\"elementor-column elementor-col-50 elementor-top-column elementor-element elementor-element-a0d75e5\" data-id=\"a0d75e5\" data-element_type=\"column\" data-e-type=\"column\">\n\t\t\t<div class=\"elementor-widget-wrap elementor-element-populated\">\n\t\t\t\t\t\t<div class=\"elementor-element elementor-element-86e6062 elementor-widget elementor-widget-image\" data-id=\"86e6062\" data-element_type=\"widget\" data-e-type=\"widget\" data-widget_type=\"image.default\">\n\t\t\t\t<div class=\"elementor-widget-container\">\n\t\t\t\t\t\t\t\t\t\t\t\t<figure class=\"wp-caption\">\n\t\t\t\t\t\t\t\t\t\t<img fetchpriority=\"high\" decoding=\"async\" width=\"640\" height=\"425\" src=\"https:\/\/www.tdpodbrdo.si\/wp-content\/uploads\/2023\/09\/kasarna-na-lajnarju-najvecja-na-obmocju-podsektorja-c-podbrdo.jpg\" class=\"attachment-2048x2048 size-2048x2048 wp-image-964\" alt=\"\" srcset=\"https:\/\/www.tdpodbrdo.si\/wp-content\/uploads\/2023\/09\/kasarna-na-lajnarju-najvecja-na-obmocju-podsektorja-c-podbrdo.jpg 640w, https:\/\/www.tdpodbrdo.si\/wp-content\/uploads\/2023\/09\/kasarna-na-lajnarju-najvecja-na-obmocju-podsektorja-c-podbrdo-300x199.jpg 300w\" sizes=\"(max-width: 640px) 100vw, 640px\" \/>\t\t\t\t\t\t\t\t\t\t\t<figcaption class=\"widget-image-caption wp-caption-text\">Kasarna na Lajnarju<\/figcaption>\n\t\t\t\t\t\t\t\t\t\t<\/figure>\n\t\t\t\t\t\t\t\t\t<\/div>\n\t\t\t\t<\/div>\n\t\t\t\t\t<\/div>\n\t\t<\/div>\n\t\t\t\t<div class=\"elementor-column elementor-col-50 elementor-top-column elementor-element elementor-element-93f5f4f\" data-id=\"93f5f4f\" data-element_type=\"column\" data-e-type=\"column\">\n\t\t\t<div class=\"elementor-widget-wrap elementor-element-populated\">\n\t\t\t\t\t\t<div class=\"elementor-element elementor-element-1cbe9c7 elementor-widget elementor-widget-image\" data-id=\"1cbe9c7\" data-element_type=\"widget\" data-e-type=\"widget\" data-widget_type=\"image.default\">\n\t\t\t\t<div class=\"elementor-widget-container\">\n\t\t\t\t\t\t\t\t\t\t\t\t<figure class=\"wp-caption\">\n\t\t\t\t\t\t\t\t\t\t<img decoding=\"async\" width=\"1066\" height=\"800\" src=\"https:\/\/www.tdpodbrdo.si\/wp-content\/uploads\/2023\/09\/IMD_1525.jpg\" class=\"attachment-2048x2048 size-2048x2048 wp-image-965\" alt=\"\" srcset=\"https:\/\/www.tdpodbrdo.si\/wp-content\/uploads\/2023\/09\/IMD_1525.jpg 1066w, https:\/\/www.tdpodbrdo.si\/wp-content\/uploads\/2023\/09\/IMD_1525-300x225.jpg 300w, https:\/\/www.tdpodbrdo.si\/wp-content\/uploads\/2023\/09\/IMD_1525-1024x768.jpg 1024w, https:\/\/www.tdpodbrdo.si\/wp-content\/uploads\/2023\/09\/IMD_1525-768x576.jpg 768w\" sizes=\"(max-width: 1066px) 100vw, 1066px\" \/>\t\t\t\t\t\t\t\t\t\t\t<figcaption class=\"widget-image-caption wp-caption-text\">Kramarjev gri\u010d<\/figcaption>\n\t\t\t\t\t\t\t\t\t\t<\/figure>\n\t\t\t\t\t\t\t\t\t<\/div>\n\t\t\t\t<\/div>\n\t\t\t\t\t<\/div>\n\t\t<\/div>\n\t\t\t\t\t<\/div>\n\t\t<\/section>\n\t\t\t\t<section class=\"elementor-section elementor-top-section elementor-element elementor-element-81b1755 elementor-section-boxed elementor-section-height-default elementor-section-height-default\" data-id=\"81b1755\" data-element_type=\"section\" data-e-type=\"section\">\n\t\t\t\t\t\t<div class=\"elementor-container elementor-column-gap-default\">\n\t\t\t\t\t<div class=\"elementor-column elementor-col-100 elementor-top-column elementor-element elementor-element-b2e2114\" data-id=\"b2e2114\" data-element_type=\"column\" data-e-type=\"column\">\n\t\t\t<div class=\"elementor-widget-wrap elementor-element-populated\">\n\t\t\t\t\t\t<div class=\"elementor-element elementor-element-0749bd4 elementor-widget elementor-widget-spacer\" data-id=\"0749bd4\" data-element_type=\"widget\" data-e-type=\"widget\" data-widget_type=\"spacer.default\">\n\t\t\t\t<div class=\"elementor-widget-container\">\n\t\t\t\t\t\t\t<div class=\"elementor-spacer\">\n\t\t\t<div class=\"elementor-spacer-inner\"><\/div>\n\t\t<\/div>\n\t\t\t\t\t\t<\/div>\n\t\t\t\t<\/div>\n\t\t\t\t<div class=\"elementor-element elementor-element-8fce4e3 elementor-widget elementor-widget-text-editor\" data-id=\"8fce4e3\" data-element_type=\"widget\" data-e-type=\"widget\" data-widget_type=\"text-editor.default\">\n\t\t\t\t<div class=\"elementor-widget-container\">\n\t\t\t\t\t\t\t\t\t<p>Ob rapalski meji v okolici Podbrda najdemo ve\u010d zanimivih lokacij, ki obiskovalcem ponujajo vpogled v zgodovino ter \u010dudovite razglede. Ena izmed njih je <strong data-start=\"224\" data-end=\"247\">kasarna na Lajnarju<\/strong>, ki je bila zgrajena kot del obrambnega sistema, danes pa privablja pohodnike s svojo zgodovinsko vrednostjo in izjemnim razgledom na okoli\u0161ke gore. Prav tako je zanimiv <strong data-start=\"418\" data-end=\"436\">Kramarjev gri\u010d<\/strong>, kjer so \u0161e vedno vidni ostanki nekdanje voja\u0161ke infrastrukture. Med bolj znanimi objekti pa je tudi <strong data-start=\"538\" data-end=\"547\">Mo\u017eic<\/strong>, mogo\u010den bunker, ki stoji na vrhu istoimenske gore. Danes je to priljubljena to\u010dka za pohodnike, ki si lahko ogledajo notranjost bunkerja in se ob tem spoznajo z zgodovino rapalske meje. Te lokacije zdru\u017eujejo naravne lepote ter spomin na \u010das, ko je to obmo\u010dje imelo pomembno obrambno vlogo.<\/p>\t\t\t\t\t\t\t\t<\/div>\n\t\t\t\t<\/div>\n\t\t\t\t<div class=\"elementor-element elementor-element-1430a09 elementor-widget elementor-widget-spacer\" data-id=\"1430a09\" data-element_type=\"widget\" data-e-type=\"widget\" data-widget_type=\"spacer.default\">\n\t\t\t\t<div class=\"elementor-widget-container\">\n\t\t\t\t\t\t\t<div class=\"elementor-spacer\">\n\t\t\t<div class=\"elementor-spacer-inner\"><\/div>\n\t\t<\/div>\n\t\t\t\t\t\t<\/div>\n\t\t\t\t<\/div>\n\t\t\t\t\t<\/div>\n\t\t<\/div>\n\t\t\t\t\t<\/div>\n\t\t<\/section>\n\t\t\t\t<\/div>\n\t\t","protected":false},"excerpt":{"rendered":"<p>Rapalska meja Rapalska meja je nekdanja meja med Italijo in Jugoslavijo. Nastala je kot odgovor na napetosti med dr\u017eavama po 1. svetovni vojni, ko je Avstro-Ogrska razpadla, Italija pa je zahtevala ozemlja iz Londonskega sporazuma. Zaradi teh napetosti so za\u010deli graditi voja\u0161ka zakloni\u0161\u010da, ki pa danes slu\u017eijo kot turisti\u010dna atrakcija. Tukaj lahko do\u017eivite voden ogled [&hellip;]<\/p>\n","protected":false},"author":1,"featured_media":0,"parent":0,"menu_order":0,"comment_status":"closed","ping_status":"closed","template":"","meta":{"site-sidebar-layout":"no-sidebar","site-content-layout":"page-builder","ast-site-content-layout":"default","site-content-style":"default","site-sidebar-style":"default","ast-global-header-display":"","ast-banner-title-visibility":"","ast-main-header-display":"","ast-hfb-above-header-display":"","ast-hfb-below-header-display":"","ast-hfb-mobile-header-display":"","site-post-title":"disabled","ast-breadcrumbs-content":"","ast-featured-img":"disabled","footer-sml-layout":"","ast-disable-related-posts":"","theme-transparent-header-meta":"","adv-header-id-meta":"","stick-header-meta":"","header-above-stick-meta":"","header-main-stick-meta":"","header-below-stick-meta":"","astra-migrate-meta-layouts":"default","ast-page-background-enabled":"default","ast-page-background-meta":{"desktop":{"background-color":"","background-image":"","background-repeat":"repeat","background-position":"center center","background-size":"auto","background-attachment":"scroll","background-type":"","background-media":"","overlay-type":"","overlay-color":"","overlay-opacity":"","overlay-gradient":""},"tablet":{"background-color":"","background-image":"","background-repeat":"repeat","background-position":"center center","background-size":"auto","background-attachment":"scroll","background-type":"","background-media":"","overlay-type":"","overlay-color":"","overlay-opacity":"","overlay-gradient":""},"mobile":{"background-color":"","background-image":"","background-repeat":"repeat","background-position":"center center","background-size":"auto","background-attachment":"scroll","background-type":"","background-media":"","overlay-type":"","overlay-color":"","overlay-opacity":"","overlay-gradient":""}},"ast-content-background-meta":{"desktop":{"background-color":"var(--ast-global-color-5)","background-image":"","background-repeat":"repeat","background-position":"center center","background-size":"auto","background-attachment":"scroll","background-type":"","background-media":"","overlay-type":"","overlay-color":"","overlay-opacity":"","overlay-gradient":""},"tablet":{"background-color":"var(--ast-global-color-5)","background-image":"","background-repeat":"repeat","background-position":"center center","background-size":"auto","background-attachment":"scroll","background-type":"","background-media":"","overlay-type":"","overlay-color":"","overlay-opacity":"","overlay-gradient":""},"mobile":{"background-color":"var(--ast-global-color-5)","background-image":"","background-repeat":"repeat","background-position":"center center","background-size":"auto","background-attachment":"scroll","background-type":"","background-media":"","overlay-type":"","overlay-color":"","overlay-opacity":"","overlay-gradient":""}},"footnotes":""},"class_list":["post-931","page","type-page","status-publish","hentry"],"_links":{"self":[{"href":"https:\/\/www.tdpodbrdo.si\/index.php?rest_route=\/wp\/v2\/pages\/931","targetHints":{"allow":["GET"]}}],"collection":[{"href":"https:\/\/www.tdpodbrdo.si\/index.php?rest_route=\/wp\/v2\/pages"}],"about":[{"href":"https:\/\/www.tdpodbrdo.si\/index.php?rest_route=\/wp\/v2\/types\/page"}],"author":[{"embeddable":true,"href":"https:\/\/www.tdpodbrdo.si\/index.php?rest_route=\/wp\/v2\/users\/1"}],"replies":[{"embeddable":true,"href":"https:\/\/www.tdpodbrdo.si\/index.php?rest_route=%2Fwp%2Fv2%2Fcomments&post=931"}],"version-history":[{"count":22,"href":"https:\/\/www.tdpodbrdo.si\/index.php?rest_route=\/wp\/v2\/pages\/931\/revisions"}],"predecessor-version":[{"id":1223,"href":"https:\/\/www.tdpodbrdo.si\/index.php?rest_route=\/wp\/v2\/pages\/931\/revisions\/1223"}],"wp:attachment":[{"href":"https:\/\/www.tdpodbrdo.si\/index.php?rest_route=%2Fwp%2Fv2%2Fmedia&parent=931"}],"curies":[{"name":"wp","href":"https:\/\/api.w.org\/{rel}","templated":true}]}}